{"id":494,"date":"2026-02-03T19:53:22","date_gmt":"2026-02-03T18:53:22","guid":{"rendered":"https:\/\/siciliatransfers.it\/?page_id=494"},"modified":"2026-02-11T17:37:50","modified_gmt":"2026-02-11T16:37:50","slug":"privacy","status":"publish","type":"page","link":"https:\/\/siciliatransfers.it\/en\/privacy\/","title":{"rendered":"Privacy"},"content":{"rendered":"<div data-elementor-type=\"wp-page\" data-elementor-id=\"494\" class=\"elementor elementor-494\" data-elementor-post-type=\"page\">\n\t\t\t\t<div class=\"elementor-element elementor-element-af665da e-flex e-con-boxed e-con e-parent\" data-id=\"af665da\" data-element_type=\"container\" data-e-type=\"container\" data-settings=\"{&quot;background_background&quot;:&quot;gradient&quot;}\">\n\t\t\t\t\t<div class=\"e-con-inner\">\n\t\t\t\t<div class=\"elementor-element elementor-element-a5ef12d elementor-widget elementor-widget-text-editor\" data-id=\"a5ef12d\" data-element_type=\"widget\" data-e-type=\"widget\" data-widget_type=\"text-editor.default\">\n\t\t\t\t\t\t\t\t\t<h1>Informativa privacy<\/h1><div class=\"Bcontents\"><h2>Informativa privacy &#8211; ai sensi dell\u2019art. 13 del Regolamento (UE) 2016\/679<\/h2><p>Gentile utente, questo sito web raccoglie alcuni Dati Personali dei propri Utenti.<br \/>Per metterla al corrente dell&#8217;uso e della conservazione di tali informazioni, conformemente a quanto previsto dalle normative vigenti in tema di trattamento dei dati personali, la invitiamo a prendere visione del presente documento.<\/p><p>(Data dell&#8217;ultima revisione: 11 febbraio 2026)<\/p><p>Titolare del trattamento dei dati \u00e8 il titolare di questo sito web riportato nell\u2019area contatti dello stesso e nel modulo contatti di cui sotto.<\/p><h2>Tipologie di Dati raccolti<\/h2><p>Le attivit\u00e0 di trattamento svolte sono finalizzate all&#8217;acquisizione dei seguenti dati personali:<\/p><p>Dati comportamentali: Log di navigazione;<br \/>Dati comuni: Dati anagrafici.<\/p><h2>Modalit\u00e0 e luogo del trattamento dei Dati raccolti<\/h2><p>Il Titolare del sito web tratta i Dati Personali degli Utenti adottando le opportune misure di sicurezza volte ad impedire l\u2019accesso, la divulgazione, la modifica o la distruzione non autorizzate dei Dati Personali. Il trattamento viene effettuato mediante strumenti informatici e\/o telematici, con modalit\u00e0 organizzative e con logiche strettamente correlate alle finalit\u00e0 indicate. Oltre al Titolare, in alcuni casi, potrebbero avere accesso ai Dati categorie di incaricati coinvolti nell\u2019organizzazione del sito (personale amministrativo, commerciale, marketing, legali, amministratori di sistema) ovvero soggetti esterni (come fornitori di servizi tecnici terzi, hosting provider, societ\u00e0 informatiche, agenzie di comunicazione) nominati anche, se necessario, Responsabili del Trattamento da parte del Titolare. L\u2019elenco aggiornato dei Responsabili potr\u00e0 sempre essere richiesto al Titolare del Trattamento.<\/p><h2>Luogo<\/h2><p>I Dati sono trattati presso le sedi operative del Titolare ed in ogni altro luogo in cui le parti coinvolte nel trattamento siano localizzate. Per ulteriori informazioni, contatta il Titolare.<\/p><h2>Finalit\u00e0 del Trattamento dei Dati raccolti:<\/h2><p>I Dati dell\u2019Utente sono raccolti per consentire al Titolare di fornire i propri servizi, cos\u00ec come per le seguenti finalit\u00e0: remarketing, prendere contatto con l\u2019utente, pubblicit\u00e0, statistica, gestione indirizzi e invio di messaggi email.<\/p><h2>Condizione Liceit\u00e0 Trattamento:<\/h2><p>Legittimo Interesse &#8211; Art. 6, c.1, let. f. GDPR<\/p><h2>Tempi<\/h2><p>I Dati sono trattati per il tempo necessario allo svolgimento del servizio richiesto dall\u2019Utente, o richiesto dalle finalit\u00e0 descritte in questo documento, e l\u2019Utente pu\u00f2 sempre chiedere l\u2019interruzione del Trattamento o la cancellazione dei Dati.<\/p><h2>I Dati Personali sono raccolti per le seguenti finalit\u00e0 ed utilizzando i seguenti servizi:<\/h2><h3>Contattare l&#8217;Utente<\/h3><p>Contatto via telefono oppure via mail come richiesto dal utente stesso. Gli Utenti che hanno fornito il proprio numero di telefono potrebbero essere contattati per finalit\u00e0 commerciali o promozionali collegate a questo sito web, cos\u00ec come per soddisfare richieste di supporto. Dati personali raccolti: numero di telefono.<\/p><h3>Mailing List e contatto mail<\/h3><p>Con la registrazione alla mailing list o alla newsletter, l\u2019indirizzo email dell\u2019Utente viene automaticamente inserito in una lista di contatti a cui potranno essere trasmessi messaggi email contenenti informazioni, anche di natura commerciale e promozionale, relative a questo sito web. Dati personali raccolti: CAP, citt\u00e0, cognome, cookie, dati di utilizzo, email, nazione, nome, numero di telefono, professione, provincia, sesso e stato.<br \/>Gestione indirizzi e invio di messaggi email<br \/>Questo tipo di servizi consente di gestire un database di contatti email, contatti telefonici o contatti di qualunque altro tipo, utilizzati per comunicare con l\u2019utente. Questi servizi potrebbero inoltre consentire di raccogliere dati relativi all\u2019interazione con l\u2019utente.<\/p><h3>Mappatura del comportamento di consultazione sul sito<\/h3><p>I servizi sono utilizzati per individuare quali aree di una pagina sono oggetto del passaggio del cursore o di click del mouse in modo da rilevare quali di esse attraggono il maggior interesse. Questi servizi permettono di monitorare e analizzare i dati di traffico e servono a tener traccia del comportamento dell\u2019Utente.<\/p><h3>Interazione con social network e piattaforme esterne<\/h3><p>Questo tipo di servizi permettono di effettuare interazioni con i social network, o con altre piattaforme esterne, direttamente dalle pagine di questo sito web. Le interazioni e le informazioni acquisite da questo sito web sono in ogni caso soggette alle impostazioni privacy dell\u2019Utente relative ad ogni social network. Nel caso in cui sia installato un servizio di interazione con i social network, \u00e8 possibile che, anche nel caso gli Utenti non utilizzino il servizio, lo stesso raccolga dati di traffico relativi alle pagine in cui \u00e8 installato.<\/p><p>Pulsante e widget sociali di Linkedin (LinkedIn Corporation)<br \/>Il pulsante e i widget sociali di LinkedIn sono servizi di interazione con il social network Linkedin, forniti da LinkedIn Corporation.<br \/>Dati personali raccolti: Cookie e Dati di utilizzo.<br \/>Luogo del trattamento: USA<\/p><p>Pulsante Tweet e widget sociali di X (Twitter) Il pulsante X e i widget sociali di X sono servizi di interazione con il social network X, forniti da Twitter Inc.<br \/>Dati personali raccolti: Cookie e Dati di utilizzo.<br \/>Luogo del trattamento: USA<\/p><p>Pulsante Mi Piace e widget sociali di Facebook (Facebook, Inc.)<br \/>Il pulsante \u201cMi Piace\u201d e i widget sociali di Facebook sono servizi di interazione con il social network Facebook, forniti da Facebook, Inc.<br \/>Dati personali raccolti: Cookie e Dati di utilizzo.<br \/>Luogo del trattamento: USA<\/p><h3>Statistica<\/h3><p>I servizi contenuti nella presente sezione permettono al Titolare del Trattamento di monitorare e analizzare i dati di traffico e servono a tener traccia del comportamento dell\u2019Utente. La conservazione di dati statistici, ove prevista, avviene in forma anonima ed \u00e8 affidata alla azienda che cura hosting e gestione del dominio per conto del Titolare del trattamente dei dati:<\/p><p>Sicilia Transfers by Salvo Maddiona<br \/>Dati personali raccolti: Cookie e Dati di utilizzo e statistiche.<br \/>Luogo del trattamento: Italia<\/p><h2>Diritti dell&#8217;interessato &#8211; reclamo all&#8217;autorit\u00e0 di controllo<\/h2><p>In relazione ai trattamenti descritti nella presente Informativa, in qualit\u00e0 di interessato potrai, alle condizioni previste dal GDPR, esercitare i diritti sanciti dagli articoli da 15 a 22 del GDPR e, in particolare, i seguenti diritti:<\/p><ul><li>diritto di accesso: diritto di ottenere conferma che sia o meno in corso un trattamento di dati personali che la riguardano e, in tal caso, ottenere l&#8217;accesso ai suoi dati personali;<\/li><li>diritto di rettifica: diritto di ottenere, senza ingiustificato ritardo, la rettifica dei dati personali inesatti che la riguardano e\/o l&#8217;integrazione dei dati personali incompleti;<\/li><li>diritto alla cancellazione (diritto all\u2019oblio): diritto di ottenere, senza ingiustificato ritardo, la cancellazione dei dati personali che la riguardano. Il diritto alla cancellazione non si applica nella misura in cui il trattamento sia necessario per l\u2019adempimento di un obbligo legale o per l\u2019esecuzione di un compito svolto nel pubblico interesse o per l\u2019accertamento, l\u2019esercizio o la difesa di un diritto in sede giudiziaria;<\/li><li>diritto di limitazione di trattamento \u2013 articolo 18 GDPR: diritto di ottenere la limitazione del trattamento, quando: a) l\u2019interessato contesta l\u2019esattezza dei dati personali; b) il trattamento \u00e8 illecito e l\u2019interessato si oppone alla cancellazione dei dati personali e chiede invece che ne sia limitato l\u2019utilizzo ; c) i dati personali sono necessari all\u2019interessato per l\u2019accertamento, l\u2019esercizio o la difesa di un diritto in sede giudiziaria; d) l&#8217;interessato si \u00e8 opposto al trattamento in attesa della verifica in merito all&#8217;eventuale prevalenza dei motivi legittimi del titolare del trattamento rispetto a quelli dell&#8217;interessato.<\/li><li>diritto di limitazione di trattamento: diritto di ottenere la limitazione del trattamento;<\/li><li>diritto alla portabilit\u00e0 dei dati: diritto di ricevere, in un formato strutturato, di uso comune e leggibile da un dispositivo automatico, i dati personali che la riguardano e di fornirli ad altro Titolare;<\/li><li>diritto di opposizione: diritto di opporsi al trattamento dei dati personali che La riguardano per motivi legati alla Sua situazione particolare e in ogni caso all\u2019uso dei suoi dati a fini di marketing.<\/li><li>Qualora un trattamento sia basato sul consenso potr\u00e0 revocare questo (revoca del consenso) Lei potr\u00e0 inoltre revocare il consenso prestato in ogni occasione e con la stessa facilit\u00e0 con cui \u00e8 stato fornito senza pregiudicare la liceit\u00e0 del trattamento basata sul consenso prestato prima della revoca.<\/li><\/ul><p>Ha inoltre il diritto di non essere soggetto ad una decisione basata esclusivamente su un trattamento automatizzato, compresa la profilazione, che abbia un effetto giuridico o incida in modo significativo su di lei. Tuttavia, potremo adottare una decisione automatizzata se si rende necessaria per la sottoscrizione o l&#8217;esecuzione di un contratto con noi, se \u00e8 autorizzata da una norma italiana o dell\u2019Unione Europea o se hai prestato il tuo consenso.<\/p><p>In ogni caso, ha la possibilit\u00e0 di contestare la decisione, esprimere sue opinioni in proposito e chiedere l&#8217;intervento di una persona che possa rivederla.<\/p><p>Potr\u00e0 proporre, in qualsiasi momento, un reclamo all\u2019Autorit\u00e0 Garante per la protezione dei dati personali: http:\/\/www.garanteprivacy.it.<\/p><p>I diritti di cui sopra potranno essere esercitati nei confronti del Titolare, contattando i riferimenti sopra descritti.<\/p><\/div><div class=\"Bcontents\"><h2>Definizioni e riferimenti legali<\/h2><h3>Dati Personali (o Dati)<\/h3><p>Costituisce dato personale qualunque informazione relativa a persona fisica, identificata o identificabile, anche indirettamente, mediante riferimento a qualsiasi altra informazione, ivi compreso un numero di identificazione personale.<\/p><h3>Dati di Utilizzo<\/h3><p>Sono le informazioni raccolti in maniera automatica o per richiesta dell\u2019utente di questo sito web tra le quali: gli indirizzi IP o i nomi a dominio dei computer utilizzati dall\u2019Utente visita il sito web, gli indirizzi in notazione URI (Uniform Resource Identifier), l\u2019orario della richiesta, il metodo utilizzato nel sottoporre la richiesta al titolare del sito, le caratteristiche del browser e del sistema operativo utilizzati dal visitatore, le varie connotazioni temporali della visita (ad esempio il tempo di permanenza su ciascuna pagina) e i dettagli relativi alla sequenza delle pagine consultate, ai parametri relativi al sistema operativo e all\u2019ambiente informatico dell\u2019Utente.<\/p><h3>Utente<\/h3><p>L&#8217;individuo che consulta questo sito web.<\/p><h3>Interessato<\/h3><p>La persona fisica o giuridica cui si riferiscono i Dati Personali.<\/p><h3>Responsabile del Trattamento (o Responsabile)<\/h3><p>La persona fisica, giuridica, la pubblica amministrazione e qualsiasi altro ente, associazione od organismo preposti dal Titolare al trattamento dei Dati Personali, secondo quanto predisposto dalla presente privacy policy.<\/p><h3>Titolare del Trattamento (o Titolare)<\/h3><p>La persona fisica, giuridica, la pubblica amministrazione e qualsiasi altro ente, associazione od organismo cui competono, anche unitamente ad altro titolare, le decisioni in ordine alle finalit\u00e0, alle modalit\u00e0 del trattamento di dati personali ed agli strumenti utilizzati, ivi compreso il profilo della sicurezza, in relazione al funzionamento e alla fruizione di questo sito web.<\/p><h3>Questo Sito Web<\/h3><p>Strumento per la pubblicazione di informazioni di natura pubblica o privata per mezzo di trasferimento dati su rete internet e visualizzati per mezzo di software informatici comunemente noti come internet browser.<\/p><h3>Cookie<\/h3><p>Piccola porzione di dati conservata all&#8217;interno del dispositivo dell&#8217;Utente.<\/p><\/div>\t\t\t\t\t\t\t\t<\/div>\n\t\t\t\t\t<\/div>\n\t\t\t\t<\/div>\n\t\t\t\t<\/div>","protected":false},"excerpt":{"rendered":"<p>Informativa privacy Informativa privacy &#8211; ai sensi dell\u2019art. 13 del Regolamento (UE) 2016\/679 Gentile utente, questo sito web raccoglie alcuni Dati Personali dei propri Utenti.Per metterla al corrente dell&#8217;uso e della conservazione di tali informazioni, conformemente a quanto previsto dalle normative vigenti in tema di trattamento dei dati personali, la invitiamo a prendere visione del [&hellip;]<\/p>\n","protected":false},"author":1,"featured_media":0,"parent":0,"menu_order":0,"comment_status":"closed","ping_status":"closed","template":"","meta":{"_seopress_robots_primary_cat":"","_seopress_titles_title":"","_seopress_titles_desc":"","_seopress_robots_index":"","footnotes":""},"class_list":["post-494","page","type-page","status-publish","hentry"],"_links":{"self":[{"href":"https:\/\/siciliatransfers.it\/en\/wp-json\/wp\/v2\/pages\/494","targetHints":{"allow":["GET"]}}],"collection":[{"href":"https:\/\/siciliatransfers.it\/en\/wp-json\/wp\/v2\/pages"}],"about":[{"href":"https:\/\/siciliatransfers.it\/en\/wp-json\/wp\/v2\/types\/page"}],"author":[{"embeddable":true,"href":"https:\/\/siciliatransfers.it\/en\/wp-json\/wp\/v2\/users\/1"}],"replies":[{"embeddable":true,"href":"https:\/\/siciliatransfers.it\/en\/wp-json\/wp\/v2\/comments?post=494"}],"version-history":[{"count":10,"href":"https:\/\/siciliatransfers.it\/en\/wp-json\/wp\/v2\/pages\/494\/revisions"}],"predecessor-version":[{"id":722,"href":"https:\/\/siciliatransfers.it\/en\/wp-json\/wp\/v2\/pages\/494\/revisions\/722"}],"wp:attachment":[{"href":"https:\/\/siciliatransfers.it\/en\/wp-json\/wp\/v2\/media?parent=494"}],"curies":[{"name":"wp","href":"https:\/\/api.w.org\/{rel}","templated":true}]}}